{"id":3189,"date":"2023-09-23T12:44:19","date_gmt":"2023-09-23T10:44:19","guid":{"rendered":"https:\/\/biggifarbenreich.brigitte-reich.de\/?post_type=product&#038;p=3189"},"modified":"2023-09-23T12:51:19","modified_gmt":"2023-09-23T10:51:19","slug":"gecko-gross-01","status":"publish","type":"product","link":"https:\/\/biggifarbenreich.brigitte-reich.de\/?product=gecko-gross-01","title":{"rendered":"Gecko gro\u00df 01"},"content":{"rendered":"<p>[et_pb_section fb_built=&#8220;1&#8243; _builder_version=&#8220;4.16&#8243; custom_padding=&#8220;0px||||false|false&#8220; global_colors_info=&#8220;{}&#8220;][et_pb_row _builder_version=&#8220;4.16&#8243; background_size=&#8220;initial&#8220; background_position=&#8220;top_left&#8220; background_repeat=&#8220;repeat&#8220; width=&#8220;100%&#8220; custom_padding=&#8220;0px||0px||false|false&#8220; global_colors_info=&#8220;{}&#8220;][et_pb_column type=&#8220;4_4&#8243; _builder_version=&#8220;4.16&#8243; custom_padding=&#8220;|||&#8220; global_colors_info=&#8220;{}&#8220; custom_padding__hover=&#8220;|||&#8220;][et_pb_wc_breadcrumb _builder_version=&#8220;4.22.1&#8243; global_colors_info=&#8220;{}&#8220;][\/et_pb_wc_breadcrumb][et_pb_wc_cart_notice _builder_version=&#8220;4.16&#8243; global_colors_info=&#8220;{}&#8220;][\/et_pb_wc_cart_notice][\/et_pb_column][\/et_pb_row][et_pb_row column_structure=&#8220;1_3,1_3,1_3&#8243; _builder_version=&#8220;4.16&#8243; background_size=&#8220;initial&#8220; background_position=&#8220;top_left&#8220; background_repeat=&#8220;repeat&#8220; width=&#8220;100%&#8220; custom_padding=&#8220;0px||||false|false&#8220; global_colors_info=&#8220;{}&#8220;][et_pb_column type=&#8220;1_3&#8243; _builder_version=&#8220;4.16&#8243; custom_padding=&#8220;|||&#8220; global_colors_info=&#8220;{}&#8220; custom_padding__hover=&#8220;|||&#8220;][et_pb_wc_images product=&#8220;3189&#8243; admin_label=&#8220;Gecko gro\u00df 01&#8243; _builder_version=&#8220;4.22.2&#8243; _dynamic_attributes=&#8220;link_option_url&#8220; link_option_url=&#8220;@ET-DC@eyJkeW5hbWljIjp0cnVlLCJjb250ZW50IjoicG9zdF9saW5rX3VybF9wcm9kdWN0Iiwic2V0dGluZ3MiOnsicG9zdF9pZCI6IjMxODkifX0=@&#8220; hover_enabled=&#8220;0&#8243; global_colors_info=&#8220;{}&#8220; sticky_enabled=&#8220;0&#8243;][\/et_pb_wc_images][\/et_pb_column][et_pb_column type=&#8220;1_3&#8243; _builder_version=&#8220;4.16&#8243; custom_padding=&#8220;|||&#8220; global_colors_info=&#8220;{}&#8220; custom_padding__hover=&#8220;|||&#8220;][et_pb_wc_title product=&#8220;3189&#8243; admin_label=&#8220;Gecko gro\u00df 01&#8243; _builder_version=&#8220;4.22.2&#8243; _dynamic_attributes=&#8220;link_option_url&#8220; link_option_url=&#8220;@ET-DC@eyJkeW5hbWljIjp0cnVlLCJjb250ZW50IjoicG9zdF9saW5rX3VybF9wcm9kdWN0Iiwic2V0dGluZ3MiOnsicG9zdF9pZCI6IjMxODkifX0=@&#8220; hover_enabled=&#8220;0&#8243; global_colors_info=&#8220;{}&#8220; sticky_enabled=&#8220;0&#8243;][\/et_pb_wc_title][et_pb_wc_rating product=&#8220;3189&#8243; _builder_version=&#8220;4.22.2&#8243; _dynamic_attributes=&#8220;link_option_url&#8220; link_option_url=&#8220;@ET-DC@eyJkeW5hbWljIjp0cnVlLCJjb250ZW50IjoicG9zdF9saW5rX3VybF9wcm9kdWN0Iiwic2V0dGluZ3MiOnsicG9zdF9pZCI6IjMxODkifX0=@&#8220; hover_enabled=&#8220;0&#8243; global_colors_info=&#8220;{}&#8220; sticky_enabled=&#8220;0&#8243;][\/et_pb_wc_rating][et_pb_wc_price product=&#8220;3189&#8243; _builder_version=&#8220;4.22.2&#8243; _dynamic_attributes=&#8220;link_option_url&#8220; link_option_url=&#8220;@ET-DC@eyJkeW5hbWljIjp0cnVlLCJjb250ZW50IjoicG9zdF9saW5rX3VybF9wcm9kdWN0Iiwic2V0dGluZ3MiOnsicG9zdF9pZCI6IjMxODkifX0=@&#8220; hover_enabled=&#8220;0&#8243; global_colors_info=&#8220;{}&#8220; sticky_enabled=&#8220;0&#8243;][\/et_pb_wc_price][\/et_pb_column][et_pb_column type=&#8220;1_3&#8243; _builder_version=&#8220;4.16&#8243; custom_padding=&#8220;|||&#8220; global_colors_info=&#8220;{}&#8220; custom_padding__hover=&#8220;|||&#8220;][et_pb_wc_description product=&#8220;3189&#8243; admin_label=&#8220;Gecko gro\u00df 01&#8243; _builder_version=&#8220;4.22.2&#8243; _dynamic_attributes=&#8220;link_option_url&#8220; link_option_url=&#8220;@ET-DC@eyJkeW5hbWljIjp0cnVlLCJjb250ZW50IjoicG9zdF9saW5rX3VybF9wcm9kdWN0Iiwic2V0dGluZ3MiOnsicG9zdF9pZCI6IjMxODkifX0=@&#8220; hover_enabled=&#8220;0&#8243; global_colors_info=&#8220;{}&#8220; sticky_enabled=&#8220;0&#8243;][\/et_pb_wc_description][et_pb_wc_add_to_cart product=&#8220;3189&#8243; _builder_version=&#8220;4.22.2&#8243; _dynamic_attributes=&#8220;link_option_url&#8220; dropdown_menus_text_color=&#8220;#FFFFFF&#8220; dropdown_menus_focus_background_color=&#8220;#0c71c3&#8243; custom_button=&#8220;on&#8220; button_text_color=&#8220;#FFFFFF&#8220; button_bg_use_color_gradient=&#8220;on&#8220; button_border_color=&#8220;#FFFFFF&#8220; button_font=&#8220;Arial||||||||&#8220; button_icon=&#8220;&#xe015;||divi||400&#8243; link_option_url=&#8220;@ET-DC@eyJkeW5hbWljIjp0cnVlLCJjb250ZW50IjoicG9zdF9saW5rX3VybF9wcm9kdWN0Iiwic2V0dGluZ3MiOnsicG9zdF9pZCI6IjMxODkifX0=@&#8220; hover_enabled=&#8220;0&#8243; global_colors_info=&#8220;{}&#8220; sticky_enabled=&#8220;0&#8243;][\/et_pb_wc_add_to_cart][et_pb_wc_meta product=&#8220;3189&#8243; _builder_version=&#8220;4.22.2&#8243; _dynamic_attributes=&#8220;link_option_url&#8220; link_option_url=&#8220;@ET-DC@eyJkeW5hbWljIjp0cnVlLCJjb250ZW50IjoicG9zdF9saW5rX3VybF9wcm9kdWN0Iiwic2V0dGluZ3MiOnsicG9zdF9pZCI6IjMxODkifX0=@&#8220; hover_enabled=&#8220;0&#8243; global_colors_info=&#8220;{}&#8220; sticky_enabled=&#8220;0&#8243;][\/et_pb_wc_meta][\/et_pb_column][\/et_pb_row][et_pb_row _builder_version=&#8220;4.16&#8243; background_size=&#8220;initial&#8220; background_position=&#8220;top_left&#8220; background_repeat=&#8220;repeat&#8220; width=&#8220;100%&#8220; global_colors_info=&#8220;{}&#8220;][et_pb_column type=&#8220;4_4&#8243; _builder_version=&#8220;4.16&#8243; custom_padding=&#8220;|||&#8220; global_colors_info=&#8220;{}&#8220; custom_padding__hover=&#8220;|||&#8220;][et_pb_wc_tabs _builder_version=&#8220;4.16&#8243; global_colors_info=&#8220;{}&#8220;]\t\t\t\t\t[\/et_pb_wc_tabs][et_pb_wc_upsells _builder_version=&#8220;4.16&#8243; global_colors_info=&#8220;{}&#8220;][\/et_pb_wc_upsells][et_pb_wc_related_products posts_number=&#8220;4&#8243; columns_number=&#8220;4&#8243; include_categories=&#8220;37&#8243; _builder_version=&#8220;4.22.1&#8243; global_colors_info=&#8220;{}&#8220;][\/et_pb_wc_related_products][\/et_pb_column][\/et_pb_row][\/et_pb_section]<\/p>\n","protected":false},"excerpt":{"rendered":"<p>Gecko in Resin auf Edelstahl gro\u00df 01.<br \/>\nGr\u00f6\u00dfe 20 X 29 cm.<\/p>\n<p>&nbsp;<\/p>\n<p>&nbsp;<\/p>\n","protected":false},"featured_media":3188,"comment_status":"open","ping_status":"closed","template":"","meta":{"_et_pb_use_builder":"on","_et_pb_old_content":"Gecko in Resin auf Edelstahl gro\u00df 01.\r\nGr\u00f6\u00dfe 20 X 29 cm.\r\n\r\n&nbsp;\r\n\r\n&nbsp;\r\n\r\n&nbsp;","_et_gb_content_width":""},"product_brand":[],"product_cat":[40],"product_tag":[],"class_list":{"0":"post-3189","1":"product","2":"type-product","3":"status-publish","4":"has-post-thumbnail","6":"product_cat-geckos-auf-edelstahl","7":"product_shipping_class-a4-gepolstert","9":"first","10":"instock","11":"sold-individually","12":"shipping-taxable","13":"purchasable","14":"product-type-simple"},"yoast_head":"<!-- This site is optimized with the Yoast SEO plugin v27.1.1 - https:\/\/yoast.com\/product\/yoast-seo-wordpress\/ -->\n<title>Gecko gro\u00df 01 - biggifarbenreich.brigitte-reich.de<\/title>\n<meta name=\"description\" content=\"Kecko in Resin auf Edelstahl gr0\u00df 01. Gr\u00f6\u00dfe 20 X 29 cm.\" \/>\n<meta name=\"robots\" content=\"index, follow, max-snippet:-1, max-image-preview:large, max-video-preview:-1\" \/>\n<link rel=\"canonical\" href=\"https:\/\/biggifarbenreich.brigitte-reich.de\/?product=gecko-gross-01\" \/>\n<meta property=\"og:locale\" content=\"de_DE\" \/>\n<meta property=\"og:type\" content=\"article\" \/>\n<meta property=\"og:title\" content=\"Gecko gro\u00df 01 - biggifarbenreich.brigitte-reich.de\" \/>\n<meta property=\"og:description\" content=\"Kecko in Resin auf Edelstahl gr0\u00df 01. Gr\u00f6\u00dfe 20 X 29 cm.\" \/>\n<meta property=\"og:url\" content=\"https:\/\/biggifarbenreich.brigitte-reich.de\/?product=gecko-gross-01\" \/>\n<meta property=\"og:site_name\" content=\"biggifarbenreich.brigitte-reich.de\" \/>\n<meta property=\"article:modified_time\" content=\"2023-09-23T10:51:19+00:00\" \/>\n<meta property=\"og:image\" content=\"https:\/\/biggifarbenreich.brigitte-reich.de\/wp-content\/uploads\/2023\/09\/20230923_112946-scaled.jpg\" \/>\n\t<meta property=\"og:image:width\" content=\"2560\" \/>\n\t<meta property=\"og:image:height\" content=\"1626\" \/>\n\t<meta property=\"og:image:type\" content=\"image\/jpeg\" \/>\n<meta name=\"twitter:card\" content=\"summary_large_image\" \/>\n<meta name=\"twitter:label1\" content=\"Gesch\u00e4tzte Lesezeit\" \/>\n\t<meta name=\"twitter:data1\" content=\"1\u00a0Minute\" \/>\n<script type=\"application\/ld+json\" class=\"yoast-schema-graph\">{\"@context\":\"https:\/\/schema.org\",\"@graph\":[{\"@type\":\"WebPage\",\"@id\":\"https:\/\/biggifarbenreich.brigitte-reich.de\/?product=gecko-gross-01\",\"url\":\"https:\/\/biggifarbenreich.brigitte-reich.de\/?product=gecko-gross-01\",\"name\":\"Gecko gro\u00df 01 - biggifarbenreich.brigitte-reich.de\",\"isPartOf\":{\"@id\":\"https:\/\/biggifarbenreich.brigitte-reich.de\/#website\"},\"primaryImageOfPage\":{\"@id\":\"https:\/\/biggifarbenreich.brigitte-reich.de\/?product=gecko-gross-01#primaryimage\"},\"image\":{\"@id\":\"https:\/\/biggifarbenreich.brigitte-reich.de\/?product=gecko-gross-01#primaryimage\"},\"thumbnailUrl\":\"https:\/\/biggifarbenreich.brigitte-reich.de\/wp-content\/uploads\/2023\/09\/20230923_112946-scaled.jpg\",\"datePublished\":\"2023-09-23T10:44:19+00:00\",\"dateModified\":\"2023-09-23T10:51:19+00:00\",\"description\":\"Kecko in Resin auf Edelstahl gr0\u00df 01. Gr\u00f6\u00dfe 20 X 29 cm.\",\"breadcrumb\":{\"@id\":\"https:\/\/biggifarbenreich.brigitte-reich.de\/?product=gecko-gross-01#breadcrumb\"},\"inLanguage\":\"de\",\"potentialAction\":[{\"@type\":\"ReadAction\",\"target\":[\"https:\/\/biggifarbenreich.brigitte-reich.de\/?product=gecko-gross-01\"]}]},{\"@type\":\"ImageObject\",\"inLanguage\":\"de\",\"@id\":\"https:\/\/biggifarbenreich.brigitte-reich.de\/?product=gecko-gross-01#primaryimage\",\"url\":\"https:\/\/biggifarbenreich.brigitte-reich.de\/wp-content\/uploads\/2023\/09\/20230923_112946-scaled.jpg\",\"contentUrl\":\"https:\/\/biggifarbenreich.brigitte-reich.de\/wp-content\/uploads\/2023\/09\/20230923_112946-scaled.jpg\",\"width\":2560,\"height\":1626,\"caption\":\"Gecko gro\u00df 01 \/ 20 X 29 cm.\"},{\"@type\":\"BreadcrumbList\",\"@id\":\"https:\/\/biggifarbenreich.brigitte-reich.de\/?product=gecko-gross-01#breadcrumb\",\"itemListElement\":[{\"@type\":\"ListItem\",\"position\":1,\"name\":\"Startseite\",\"item\":\"https:\/\/biggifarbenreich.brigitte-reich.de\/\"},{\"@type\":\"ListItem\",\"position\":2,\"name\":\"Produkte\",\"item\":\"https:\/\/biggifarbenreich.brigitte-reich.de\/tierportraits\/\"},{\"@type\":\"ListItem\",\"position\":3,\"name\":\"Gecko gro\u00df 01\"}]},{\"@type\":\"WebSite\",\"@id\":\"https:\/\/biggifarbenreich.brigitte-reich.de\/#website\",\"url\":\"https:\/\/biggifarbenreich.brigitte-reich.de\/\",\"name\":\"biggifarbenreich.brigitte-reich.de\",\"description\":\"Kunstausstellung und Verkauf\",\"potentialAction\":[{\"@type\":\"SearchAction\",\"target\":{\"@type\":\"EntryPoint\",\"urlTemplate\":\"https:\/\/biggifarbenreich.brigitte-reich.de\/?s={search_term_string}\"},\"query-input\":{\"@type\":\"PropertyValueSpecification\",\"valueRequired\":true,\"valueName\":\"search_term_string\"}}],\"inLanguage\":\"de\"}]}<\/script>\n<!-- \/ Yoast SEO plugin. -->","yoast_head_json":{"title":"Gecko gro\u00df 01 - biggifarbenreich.brigitte-reich.de","description":"Kecko in Resin auf Edelstahl gr0\u00df 01. Gr\u00f6\u00dfe 20 X 29 cm.","robots":{"index":"index","follow":"follow","max-snippet":"max-snippet:-1","max-image-preview":"max-image-preview:large","max-video-preview":"max-video-preview:-1"},"canonical":"https:\/\/biggifarbenreich.brigitte-reich.de\/?product=gecko-gross-01","og_locale":"de_DE","og_type":"article","og_title":"Gecko gro\u00df 01 - biggifarbenreich.brigitte-reich.de","og_description":"Kecko in Resin auf Edelstahl gr0\u00df 01. Gr\u00f6\u00dfe 20 X 29 cm.","og_url":"https:\/\/biggifarbenreich.brigitte-reich.de\/?product=gecko-gross-01","og_site_name":"biggifarbenreich.brigitte-reich.de","article_modified_time":"2023-09-23T10:51:19+00:00","og_image":[{"width":2560,"height":1626,"url":"https:\/\/biggifarbenreich.brigitte-reich.de\/wp-content\/uploads\/2023\/09\/20230923_112946-scaled.jpg","type":"image\/jpeg"}],"twitter_card":"summary_large_image","twitter_misc":{"Gesch\u00e4tzte Lesezeit":"1\u00a0Minute"},"schema":{"@context":"https:\/\/schema.org","@graph":[{"@type":"WebPage","@id":"https:\/\/biggifarbenreich.brigitte-reich.de\/?product=gecko-gross-01","url":"https:\/\/biggifarbenreich.brigitte-reich.de\/?product=gecko-gross-01","name":"Gecko gro\u00df 01 - biggifarbenreich.brigitte-reich.de","isPartOf":{"@id":"https:\/\/biggifarbenreich.brigitte-reich.de\/#website"},"primaryImageOfPage":{"@id":"https:\/\/biggifarbenreich.brigitte-reich.de\/?product=gecko-gross-01#primaryimage"},"image":{"@id":"https:\/\/biggifarbenreich.brigitte-reich.de\/?product=gecko-gross-01#primaryimage"},"thumbnailUrl":"https:\/\/biggifarbenreich.brigitte-reich.de\/wp-content\/uploads\/2023\/09\/20230923_112946-scaled.jpg","datePublished":"2023-09-23T10:44:19+00:00","dateModified":"2023-09-23T10:51:19+00:00","description":"Kecko in Resin auf Edelstahl gr0\u00df 01. Gr\u00f6\u00dfe 20 X 29 cm.","breadcrumb":{"@id":"https:\/\/biggifarbenreich.brigitte-reich.de\/?product=gecko-gross-01#breadcrumb"},"inLanguage":"de","potentialAction":[{"@type":"ReadAction","target":["https:\/\/biggifarbenreich.brigitte-reich.de\/?product=gecko-gross-01"]}]},{"@type":"ImageObject","inLanguage":"de","@id":"https:\/\/biggifarbenreich.brigitte-reich.de\/?product=gecko-gross-01#primaryimage","url":"https:\/\/biggifarbenreich.brigitte-reich.de\/wp-content\/uploads\/2023\/09\/20230923_112946-scaled.jpg","contentUrl":"https:\/\/biggifarbenreich.brigitte-reich.de\/wp-content\/uploads\/2023\/09\/20230923_112946-scaled.jpg","width":2560,"height":1626,"caption":"Gecko gro\u00df 01 \/ 20 X 29 cm."},{"@type":"BreadcrumbList","@id":"https:\/\/biggifarbenreich.brigitte-reich.de\/?product=gecko-gross-01#breadcrumb","itemListElement":[{"@type":"ListItem","position":1,"name":"Startseite","item":"https:\/\/biggifarbenreich.brigitte-reich.de\/"},{"@type":"ListItem","position":2,"name":"Produkte","item":"https:\/\/biggifarbenreich.brigitte-reich.de\/tierportraits\/"},{"@type":"ListItem","position":3,"name":"Gecko gro\u00df 01"}]},{"@type":"WebSite","@id":"https:\/\/biggifarbenreich.brigitte-reich.de\/#website","url":"https:\/\/biggifarbenreich.brigitte-reich.de\/","name":"biggifarbenreich.brigitte-reich.de","description":"Kunstausstellung und Verkauf","potentialAction":[{"@type":"SearchAction","target":{"@type":"EntryPoint","urlTemplate":"https:\/\/biggifarbenreich.brigitte-reich.de\/?s={search_term_string}"},"query-input":{"@type":"PropertyValueSpecification","valueRequired":true,"valueName":"search_term_string"}}],"inLanguage":"de"}]}},"jetpack_sharing_enabled":true,"_links":{"self":[{"href":"https:\/\/biggifarbenreich.brigitte-reich.de\/index.php?rest_route=\/wp\/v2\/product\/3189","targetHints":{"allow":["GET"]}}],"collection":[{"href":"https:\/\/biggifarbenreich.brigitte-reich.de\/index.php?rest_route=\/wp\/v2\/product"}],"about":[{"href":"https:\/\/biggifarbenreich.brigitte-reich.de\/index.php?rest_route=\/wp\/v2\/types\/product"}],"replies":[{"embeddable":true,"href":"https:\/\/biggifarbenreich.brigitte-reich.de\/index.php?rest_route=%2Fwp%2Fv2%2Fcomments&post=3189"}],"wp:featuredmedia":[{"embeddable":true,"href":"https:\/\/biggifarbenreich.brigitte-reich.de\/index.php?rest_route=\/wp\/v2\/media\/3188"}],"wp:attachment":[{"href":"https:\/\/biggifarbenreich.brigitte-reich.de\/index.php?rest_route=%2Fwp%2Fv2%2Fmedia&parent=3189"}],"wp:term":[{"taxonomy":"product_brand","embeddable":true,"href":"https:\/\/biggifarbenreich.brigitte-reich.de\/index.php?rest_route=%2Fwp%2Fv2%2Fproduct_brand&post=3189"},{"taxonomy":"product_cat","embeddable":true,"href":"https:\/\/biggifarbenreich.brigitte-reich.de\/index.php?rest_route=%2Fwp%2Fv2%2Fproduct_cat&post=3189"},{"taxonomy":"product_tag","embeddable":true,"href":"https:\/\/biggifarbenreich.brigitte-reich.de\/index.php?rest_route=%2Fwp%2Fv2%2Fproduct_tag&post=3189"}],"curies":[{"name":"wp","href":"https:\/\/api.w.org\/{rel}","templated":true}]}}