{"id":3357,"date":"2024-01-25T14:38:47","date_gmt":"2024-01-25T13:38:47","guid":{"rendered":"https:\/\/biggifarbenreich.brigitte-reich.de\/?page_id=3357"},"modified":"2024-01-30T14:22:58","modified_gmt":"2024-01-30T13:22:58","slug":"poster-bestellen","status":"publish","type":"page","link":"https:\/\/biggifarbenreich.brigitte-reich.de\/?page_id=3357","title":{"rendered":"Poster Bestellen"},"content":{"rendered":"<p>[et_pb_section fb_built=&#8220;1&#8243; _builder_version=&#8220;4.22.1&#8243; _module_preset=&#8220;default&#8220; locked=&#8220;off&#8220; global_colors_info=&#8220;{}&#8220;][et_pb_row _builder_version=&#8220;4.22.1&#8243; _module_preset=&#8220;default&#8220; use_background_color_gradient=&#8220;on&#8220; global_colors_info=&#8220;{}&#8220;][et_pb_column type=&#8220;4_4&#8243; _builder_version=&#8220;4.22.1&#8243; _module_preset=&#8220;default&#8220; global_colors_info=&#8220;{}&#8220;][et_pb_text disabled_on=&#8220;on|on|on&#8220; _builder_version=&#8220;4.24.0&#8243; _module_preset=&#8220;default&#8220; disabled=&#8220;on&#8220; locked=&#8220;off&#8220; global_colors_info=&#8220;{}&#8220;]<\/p>\n<p>&nbsp;<\/p>\n<h5><span style=\"color: #ffffff;\"><strong>Ab 1.1.2024 wieder regul\u00e4re Preise f\u00fcr die gemalten Bilder. Bestellungen bis zum 31.12.2023 noch zum reduzierten Preis!<\/strong><\/span><\/h5>\n<p>&nbsp;<\/p>\n<p>[\/et_pb_text][et_pb_text _builder_version=&#8220;4.24.0&#8243; _module_preset=&#8220;default&#8220; text_font=&#8220;Arial||||||||&#8220; text_text_color=&#8220;#FFFFFF&#8220; text_font_size=&#8220;20px&#8220; header_text_color=&#8220;#FFFFFF&#8220; header_2_text_color=&#8220;#FFFFFF&#8220; header_3_text_color=&#8220;#FFFFFF&#8220; header_4_text_color=&#8220;#FFFFFF&#8220; header_5_text_color=&#8220;#FFFFFF&#8220; header_6_text_color=&#8220;#FFFFFF&#8220; animation_style=&#8220;zoom&#8220; global_colors_info=&#8220;{}&#8220;]<\/p>\n<h3 style=\"text-align: center;\">Hier geht es zu den einzelnen Posterkategorien<\/h3>\n<h5>\u00a0<\/h5>\n<h5 style=\"padding-left: 40px;\">W\u00e4hle eine Poster Gr\u00f6\u00dfe und die Kategorie aus.<\/h5>\n<p>&nbsp;<\/p>\n<p style=\"padding-left: 80px;\"><strong><a href=\"https:\/\/biggifarbenreich.brigitte-reich.de\/?page_id=2902\">Katzen<\/a><\/strong><br \/><strong><a href=\"https:\/\/biggifarbenreich.brigitte-reich.de\/?page_id=2916\">Hunde<\/a><\/strong><br \/><strong><a href=\"https:\/\/biggifarbenreich.brigitte-reich.de\/?page_id=2920\">Sonstige Wuscheltiere<\/a><br \/><a href=\"https:\/\/biggifarbenreich.brigitte-reich.de\/?page_id=1583\">Geckos<\/a><br \/><a href=\"https:\/\/biggifarbenreich.brigitte-reich.de\/?page_id=2913\">Ablageschalen<\/a><br \/><\/strong><a href=\"https:\/\/biggifarbenreich.brigitte-reich.de\/?page_id=1578\"><b>Untersetzer<\/b><\/a><br \/><a href=\"https:\/\/biggifarbenreich.brigitte-reich.de\/?page_id=2988\"><strong>Resin Bilder<\/strong><\/a><\/p>\n<p>&nbsp;<\/p>\n<p>[\/et_pb_text][et_pb_button button_url=&#8220;@ET-DC@eyJkeW5hbWljIjp0cnVlLCJjb250ZW50IjoicG9zdF9saW5rX3VybCIsInNldHRpbmdzIjp7fX0=@&#8220; button_text=&#8220;DIN A2&#8243; _builder_version=&#8220;4.24.0&#8243; _dynamic_attributes=&#8220;button_url&#8220; _module_preset=&#8220;default&#8220; custom_button=&#8220;on&#8220; button_text_color=&#8220;#FFFFFF&#8220; button_bg_use_color_gradient=&#8220;on&#8220; hover_enabled=&#8220;0&#8243; box_shadow_style=&#8220;preset4&#8243; global_colors_info=&#8220;{}&#8220; button_alignment=&#8220;left&#8220; button_text_size=&#8220;32px&#8220; button_icon=&#8220;&#xe005;||divi||400&#8243; sticky_enabled=&#8220;0&#8243;][\/et_pb_button][et_pb_shop type=&#8220;product_category&#8220; include_categories=&#8220;49&#8243; columns_number=&#8220;4&#8243; _builder_version=&#8220;4.24.0&#8243; _module_preset=&#8220;default&#8220; hover_enabled=&#8220;0&#8243; global_colors_info=&#8220;{}&#8220; sticky_enabled=&#8220;0&#8243;][\/et_pb_shop][\/et_pb_column][\/et_pb_row][\/et_pb_section]<\/p>\n","protected":false},"excerpt":{"rendered":"<p>&nbsp; Ab 1.1.2024 wieder regul\u00e4re Preise f\u00fcr die gemalten Bilder. Bestellungen bis zum 31.12.2023 noch zum reduzierten Preis! &nbsp;Hier geht es zu den einzelnen Posterkategorien \u00a0 W\u00e4hle eine Poster Gr\u00f6\u00dfe und die Kategorie aus. &nbsp; KatzenHundeSonstige WuscheltiereGeckosAblageschalenUntersetzerResin Bilder &nbsp;<\/p>\n","protected":false},"author":1,"featured_media":0,"parent":0,"menu_order":148,"comment_status":"closed","ping_status":"closed","template":"","meta":{"_et_pb_use_builder":"on","_et_pb_old_content":"","_et_gb_content_width":"","footnotes":""},"class_list":["post-3357","page","type-page","status-publish","hentry"],"yoast_head":"<!-- This site is optimized with the Yoast SEO plugin v27.1.1 - https:\/\/yoast.com\/product\/yoast-seo-wordpress\/ -->\n<title>Poster Bestellen - biggifarbenreich.brigitte-reich.de<\/title>\n<meta name=\"robots\" content=\"index, follow, max-snippet:-1, max-image-preview:large, max-video-preview:-1\" \/>\n<link rel=\"canonical\" href=\"https:\/\/biggifarbenreich.brigitte-reich.de\/?page_id=3357\" \/>\n<meta property=\"og:locale\" content=\"de_DE\" \/>\n<meta property=\"og:type\" content=\"article\" \/>\n<meta property=\"og:title\" content=\"Poster Bestellen - biggifarbenreich.brigitte-reich.de\" \/>\n<meta property=\"og:description\" content=\"&nbsp; Ab 1.1.2024 wieder regul\u00e4re Preise f\u00fcr die gemalten Bilder. Bestellungen bis zum 31.12.2023 noch zum reduzierten Preis! &nbsp;Hier geht es zu den einzelnen Posterkategorien \u00a0 W\u00e4hle eine Poster Gr\u00f6\u00dfe und die Kategorie aus. &nbsp; KatzenHundeSonstige WuscheltiereGeckosAblageschalenUntersetzerResin Bilder &nbsp;\" \/>\n<meta property=\"og:url\" content=\"https:\/\/biggifarbenreich.brigitte-reich.de\/?page_id=3357\" \/>\n<meta property=\"og:site_name\" content=\"biggifarbenreich.brigitte-reich.de\" \/>\n<meta property=\"article:modified_time\" content=\"2024-01-30T13:22:58+00:00\" \/>\n<meta name=\"twitter:card\" content=\"summary_large_image\" \/>\n<meta name=\"twitter:label1\" content=\"Gesch\u00e4tzte Lesezeit\" \/>\n\t<meta name=\"twitter:data1\" content=\"1\u00a0Minute\" \/>\n<script type=\"application\/ld+json\" class=\"yoast-schema-graph\">{\"@context\":\"https:\/\/schema.org\",\"@graph\":[{\"@type\":\"WebPage\",\"@id\":\"https:\/\/biggifarbenreich.brigitte-reich.de\/?page_id=3357\",\"url\":\"https:\/\/biggifarbenreich.brigitte-reich.de\/?page_id=3357\",\"name\":\"Poster Bestellen - biggifarbenreich.brigitte-reich.de\",\"isPartOf\":{\"@id\":\"https:\/\/biggifarbenreich.brigitte-reich.de\/#website\"},\"datePublished\":\"2024-01-25T13:38:47+00:00\",\"dateModified\":\"2024-01-30T13:22:58+00:00\",\"breadcrumb\":{\"@id\":\"https:\/\/biggifarbenreich.brigitte-reich.de\/?page_id=3357#breadcrumb\"},\"inLanguage\":\"de\",\"potentialAction\":[{\"@type\":\"ReadAction\",\"target\":[\"https:\/\/biggifarbenreich.brigitte-reich.de\/?page_id=3357\"]}]},{\"@type\":\"BreadcrumbList\",\"@id\":\"https:\/\/biggifarbenreich.brigitte-reich.de\/?page_id=3357#breadcrumb\",\"itemListElement\":[{\"@type\":\"ListItem\",\"position\":1,\"name\":\"Startseite\",\"item\":\"https:\/\/biggifarbenreich.brigitte-reich.de\/\"},{\"@type\":\"ListItem\",\"position\":2,\"name\":\"Poster Bestellen\"}]},{\"@type\":\"WebSite\",\"@id\":\"https:\/\/biggifarbenreich.brigitte-reich.de\/#website\",\"url\":\"https:\/\/biggifarbenreich.brigitte-reich.de\/\",\"name\":\"biggifarbenreich.brigitte-reich.de\",\"description\":\"Kunstausstellung und Verkauf\",\"potentialAction\":[{\"@type\":\"SearchAction\",\"target\":{\"@type\":\"EntryPoint\",\"urlTemplate\":\"https:\/\/biggifarbenreich.brigitte-reich.de\/?s={search_term_string}\"},\"query-input\":{\"@type\":\"PropertyValueSpecification\",\"valueRequired\":true,\"valueName\":\"search_term_string\"}}],\"inLanguage\":\"de\"}]}<\/script>\n<!-- \/ Yoast SEO plugin. -->","yoast_head_json":{"title":"Poster Bestellen - biggifarbenreich.brigitte-reich.de","robots":{"index":"index","follow":"follow","max-snippet":"max-snippet:-1","max-image-preview":"max-image-preview:large","max-video-preview":"max-video-preview:-1"},"canonical":"https:\/\/biggifarbenreich.brigitte-reich.de\/?page_id=3357","og_locale":"de_DE","og_type":"article","og_title":"Poster Bestellen - biggifarbenreich.brigitte-reich.de","og_description":"&nbsp; Ab 1.1.2024 wieder regul\u00e4re Preise f\u00fcr die gemalten Bilder. Bestellungen bis zum 31.12.2023 noch zum reduzierten Preis! &nbsp;Hier geht es zu den einzelnen Posterkategorien \u00a0 W\u00e4hle eine Poster Gr\u00f6\u00dfe und die Kategorie aus. &nbsp; KatzenHundeSonstige WuscheltiereGeckosAblageschalenUntersetzerResin Bilder &nbsp;","og_url":"https:\/\/biggifarbenreich.brigitte-reich.de\/?page_id=3357","og_site_name":"biggifarbenreich.brigitte-reich.de","article_modified_time":"2024-01-30T13:22:58+00:00","twitter_card":"summary_large_image","twitter_misc":{"Gesch\u00e4tzte Lesezeit":"1\u00a0Minute"},"schema":{"@context":"https:\/\/schema.org","@graph":[{"@type":"WebPage","@id":"https:\/\/biggifarbenreich.brigitte-reich.de\/?page_id=3357","url":"https:\/\/biggifarbenreich.brigitte-reich.de\/?page_id=3357","name":"Poster Bestellen - biggifarbenreich.brigitte-reich.de","isPartOf":{"@id":"https:\/\/biggifarbenreich.brigitte-reich.de\/#website"},"datePublished":"2024-01-25T13:38:47+00:00","dateModified":"2024-01-30T13:22:58+00:00","breadcrumb":{"@id":"https:\/\/biggifarbenreich.brigitte-reich.de\/?page_id=3357#breadcrumb"},"inLanguage":"de","potentialAction":[{"@type":"ReadAction","target":["https:\/\/biggifarbenreich.brigitte-reich.de\/?page_id=3357"]}]},{"@type":"BreadcrumbList","@id":"https:\/\/biggifarbenreich.brigitte-reich.de\/?page_id=3357#breadcrumb","itemListElement":[{"@type":"ListItem","position":1,"name":"Startseite","item":"https:\/\/biggifarbenreich.brigitte-reich.de\/"},{"@type":"ListItem","position":2,"name":"Poster Bestellen"}]},{"@type":"WebSite","@id":"https:\/\/biggifarbenreich.brigitte-reich.de\/#website","url":"https:\/\/biggifarbenreich.brigitte-reich.de\/","name":"biggifarbenreich.brigitte-reich.de","description":"Kunstausstellung und Verkauf","potentialAction":[{"@type":"SearchAction","target":{"@type":"EntryPoint","urlTemplate":"https:\/\/biggifarbenreich.brigitte-reich.de\/?s={search_term_string}"},"query-input":{"@type":"PropertyValueSpecification","valueRequired":true,"valueName":"search_term_string"}}],"inLanguage":"de"}]}},"jetpack_sharing_enabled":true,"_links":{"self":[{"href":"https:\/\/biggifarbenreich.brigitte-reich.de\/index.php?rest_route=\/wp\/v2\/pages\/3357","targetHints":{"allow":["GET"]}}],"collection":[{"href":"https:\/\/biggifarbenreich.brigitte-reich.de\/index.php?rest_route=\/wp\/v2\/pages"}],"about":[{"href":"https:\/\/biggifarbenreich.brigitte-reich.de\/index.php?rest_route=\/wp\/v2\/types\/page"}],"author":[{"embeddable":true,"href":"https:\/\/biggifarbenreich.brigitte-reich.de\/index.php?rest_route=\/wp\/v2\/users\/1"}],"replies":[{"embeddable":true,"href":"https:\/\/biggifarbenreich.brigitte-reich.de\/index.php?rest_route=%2Fwp%2Fv2%2Fcomments&post=3357"}],"version-history":[{"count":15,"href":"https:\/\/biggifarbenreich.brigitte-reich.de\/index.php?rest_route=\/wp\/v2\/pages\/3357\/revisions"}],"predecessor-version":[{"id":3388,"href":"https:\/\/biggifarbenreich.brigitte-reich.de\/index.php?rest_route=\/wp\/v2\/pages\/3357\/revisions\/3388"}],"wp:attachment":[{"href":"https:\/\/biggifarbenreich.brigitte-reich.de\/index.php?rest_route=%2Fwp%2Fv2%2Fmedia&parent=3357"}],"curies":[{"name":"wp","href":"https:\/\/api.w.org\/{rel}","templated":true}]}}