{"id":3316,"date":"2024-01-06T11:30:13","date_gmt":"2024-01-06T10:30:13","guid":{"rendered":"https:\/\/biggifarbenreich.brigitte-reich.de\/?page_id=3316"},"modified":"2024-01-07T11:41:01","modified_gmt":"2024-01-07T10:41:01","slug":"portrait-bilder","status":"publish","type":"page","link":"https:\/\/biggifarbenreich.brigitte-reich.de\/?page_id=3316","title":{"rendered":"Portrait Bilder"},"content":{"rendered":"<p>[et_pb_section fb_built=&#8220;1&#8243; _builder_version=&#8220;4.23.4&#8243; _module_preset=&#8220;default&#8220; use_background_color_gradient=&#8220;on&#8220; global_colors_info=&#8220;{}&#8220;][et_pb_row _builder_version=&#8220;4.23.4&#8243; _module_preset=&#8220;default&#8220; global_colors_info=&#8220;{}&#8220;][et_pb_column type=&#8220;4_4&#8243; _builder_version=&#8220;4.23.4&#8243; _module_preset=&#8220;default&#8220; use_background_color_gradient=&#8220;on&#8220; global_colors_info=&#8220;{}&#8220;][et_pb_text _builder_version=&#8220;4.23.4&#8243; _module_preset=&#8220;default&#8220; text_font=&#8220;Arial||||||||&#8220; text_text_color=&#8220;#FFFFFF&#8220; header_text_color=&#8220;#FFFFFF&#8220; header_2_text_color=&#8220;#FFFFFF&#8220; header_3_text_color=&#8220;#FFFFFF&#8220; header_4_text_color=&#8220;#FFFFFF&#8220; header_5_text_color=&#8220;#FFFFFF&#8220; header_6_text_color=&#8220;#FFFFFF&#8220; hover_enabled=&#8220;0&#8243; global_colors_info=&#8220;{}&#8220; sticky_enabled=&#8220;0&#8243;]<\/p>\n<h1 style=\"text-align: center;\">Meine ersten Portrait Bilder<\/h1>\n<p>&nbsp;<\/p>\n<h4 style=\"text-align: center;\">Nachdem ich einen Kurs \u00fcber Portrait Zeichnen gemacht habe, hier mein erstes Portrait Bild.<\/h4>\n<p>&nbsp;<\/p>\n<p>Alle Bilder werden strandardm\u00e4\u00dfig in der Gr\u00f6\u00dfe 21 X 26 cm. mit Polychromos-Stiften erstellt.<\/p>\n<p>[\/et_pb_text][et_pb_shop type=&#8220;product_category&#8220; include_categories=&#8220;41&#8243; _builder_version=&#8220;4.23.4&#8243; _module_preset=&#8220;default&#8220; global_colors_info=&#8220;{}&#8220;][\/et_pb_shop][\/et_pb_column][\/et_pb_row][\/et_pb_section]<\/p>\n","protected":false},"excerpt":{"rendered":"<p>Meine ersten Portrait Bilder &nbsp; Nachdem ich einen Kurs \u00fcber Portrait Zeichnen gemacht habe, hier mein erstes Portrait Bild. &nbsp; Alle Bilder werden strandardm\u00e4\u00dfig in der Gr\u00f6\u00dfe 21 X 26 cm. mit Polychromos-Stiften erstellt.<\/p>\n","protected":false},"author":1,"featured_media":0,"parent":0,"menu_order":126,"comment_status":"closed","ping_status":"closed","template":"","meta":{"_et_pb_use_builder":"on","_et_pb_old_content":"","_et_gb_content_width":"","footnotes":""},"class_list":["post-3316","page","type-page","status-publish","hentry"],"yoast_head":"<!-- This site is optimized with the Yoast SEO plugin v27.1.1 - https:\/\/yoast.com\/product\/yoast-seo-wordpress\/ -->\n<title>Portrait Bilder - biggifarbenreich.brigitte-reich.de<\/title>\n<meta name=\"description\" content=\"Portraits nach Bildvorlage mit Polychromos Stiften erstellt.\" \/>\n<meta name=\"robots\" content=\"index, follow, max-snippet:-1, max-image-preview:large, max-video-preview:-1\" \/>\n<link rel=\"canonical\" href=\"https:\/\/biggifarbenreich.brigitte-reich.de\/?page_id=3316\" \/>\n<meta property=\"og:locale\" content=\"de_DE\" \/>\n<meta property=\"og:type\" content=\"article\" \/>\n<meta property=\"og:title\" content=\"Portrait Bilder - biggifarbenreich.brigitte-reich.de\" \/>\n<meta property=\"og:description\" content=\"Portraits nach Bildvorlage mit Polychromos Stiften erstellt.\" \/>\n<meta property=\"og:url\" content=\"https:\/\/biggifarbenreich.brigitte-reich.de\/?page_id=3316\" \/>\n<meta property=\"og:site_name\" content=\"biggifarbenreich.brigitte-reich.de\" \/>\n<meta property=\"article:modified_time\" content=\"2024-01-07T10:41:01+00:00\" \/>\n<meta name=\"twitter:card\" content=\"summary_large_image\" \/>\n<meta name=\"twitter:label1\" content=\"Gesch\u00e4tzte Lesezeit\" \/>\n\t<meta name=\"twitter:data1\" content=\"1\u00a0Minute\" \/>\n<script type=\"application\/ld+json\" class=\"yoast-schema-graph\">{\"@context\":\"https:\/\/schema.org\",\"@graph\":[{\"@type\":\"WebPage\",\"@id\":\"https:\/\/biggifarbenreich.brigitte-reich.de\/?page_id=3316\",\"url\":\"https:\/\/biggifarbenreich.brigitte-reich.de\/?page_id=3316\",\"name\":\"Portrait Bilder - biggifarbenreich.brigitte-reich.de\",\"isPartOf\":{\"@id\":\"https:\/\/biggifarbenreich.brigitte-reich.de\/#website\"},\"datePublished\":\"2024-01-06T10:30:13+00:00\",\"dateModified\":\"2024-01-07T10:41:01+00:00\",\"description\":\"Portraits nach Bildvorlage mit Polychromos Stiften erstellt.\",\"breadcrumb\":{\"@id\":\"https:\/\/biggifarbenreich.brigitte-reich.de\/?page_id=3316#breadcrumb\"},\"inLanguage\":\"de\",\"potentialAction\":[{\"@type\":\"ReadAction\",\"target\":[\"https:\/\/biggifarbenreich.brigitte-reich.de\/?page_id=3316\"]}]},{\"@type\":\"BreadcrumbList\",\"@id\":\"https:\/\/biggifarbenreich.brigitte-reich.de\/?page_id=3316#breadcrumb\",\"itemListElement\":[{\"@type\":\"ListItem\",\"position\":1,\"name\":\"Startseite\",\"item\":\"https:\/\/biggifarbenreich.brigitte-reich.de\/\"},{\"@type\":\"ListItem\",\"position\":2,\"name\":\"Portrait Bilder\"}]},{\"@type\":\"WebSite\",\"@id\":\"https:\/\/biggifarbenreich.brigitte-reich.de\/#website\",\"url\":\"https:\/\/biggifarbenreich.brigitte-reich.de\/\",\"name\":\"biggifarbenreich.brigitte-reich.de\",\"description\":\"Kunstausstellung und Verkauf\",\"potentialAction\":[{\"@type\":\"SearchAction\",\"target\":{\"@type\":\"EntryPoint\",\"urlTemplate\":\"https:\/\/biggifarbenreich.brigitte-reich.de\/?s={search_term_string}\"},\"query-input\":{\"@type\":\"PropertyValueSpecification\",\"valueRequired\":true,\"valueName\":\"search_term_string\"}}],\"inLanguage\":\"de\"}]}<\/script>\n<!-- \/ Yoast SEO plugin. -->","yoast_head_json":{"title":"Portrait Bilder - biggifarbenreich.brigitte-reich.de","description":"Portraits nach Bildvorlage mit Polychromos Stiften erstellt.","robots":{"index":"index","follow":"follow","max-snippet":"max-snippet:-1","max-image-preview":"max-image-preview:large","max-video-preview":"max-video-preview:-1"},"canonical":"https:\/\/biggifarbenreich.brigitte-reich.de\/?page_id=3316","og_locale":"de_DE","og_type":"article","og_title":"Portrait Bilder - biggifarbenreich.brigitte-reich.de","og_description":"Portraits nach Bildvorlage mit Polychromos Stiften erstellt.","og_url":"https:\/\/biggifarbenreich.brigitte-reich.de\/?page_id=3316","og_site_name":"biggifarbenreich.brigitte-reich.de","article_modified_time":"2024-01-07T10:41:01+00:00","twitter_card":"summary_large_image","twitter_misc":{"Gesch\u00e4tzte Lesezeit":"1\u00a0Minute"},"schema":{"@context":"https:\/\/schema.org","@graph":[{"@type":"WebPage","@id":"https:\/\/biggifarbenreich.brigitte-reich.de\/?page_id=3316","url":"https:\/\/biggifarbenreich.brigitte-reich.de\/?page_id=3316","name":"Portrait Bilder - biggifarbenreich.brigitte-reich.de","isPartOf":{"@id":"https:\/\/biggifarbenreich.brigitte-reich.de\/#website"},"datePublished":"2024-01-06T10:30:13+00:00","dateModified":"2024-01-07T10:41:01+00:00","description":"Portraits nach Bildvorlage mit Polychromos Stiften erstellt.","breadcrumb":{"@id":"https:\/\/biggifarbenreich.brigitte-reich.de\/?page_id=3316#breadcrumb"},"inLanguage":"de","potentialAction":[{"@type":"ReadAction","target":["https:\/\/biggifarbenreich.brigitte-reich.de\/?page_id=3316"]}]},{"@type":"BreadcrumbList","@id":"https:\/\/biggifarbenreich.brigitte-reich.de\/?page_id=3316#breadcrumb","itemListElement":[{"@type":"ListItem","position":1,"name":"Startseite","item":"https:\/\/biggifarbenreich.brigitte-reich.de\/"},{"@type":"ListItem","position":2,"name":"Portrait Bilder"}]},{"@type":"WebSite","@id":"https:\/\/biggifarbenreich.brigitte-reich.de\/#website","url":"https:\/\/biggifarbenreich.brigitte-reich.de\/","name":"biggifarbenreich.brigitte-reich.de","description":"Kunstausstellung und Verkauf","potentialAction":[{"@type":"SearchAction","target":{"@type":"EntryPoint","urlTemplate":"https:\/\/biggifarbenreich.brigitte-reich.de\/?s={search_term_string}"},"query-input":{"@type":"PropertyValueSpecification","valueRequired":true,"valueName":"search_term_string"}}],"inLanguage":"de"}]}},"jetpack_sharing_enabled":true,"_links":{"self":[{"href":"https:\/\/biggifarbenreich.brigitte-reich.de\/index.php?rest_route=\/wp\/v2\/pages\/3316","targetHints":{"allow":["GET"]}}],"collection":[{"href":"https:\/\/biggifarbenreich.brigitte-reich.de\/index.php?rest_route=\/wp\/v2\/pages"}],"about":[{"href":"https:\/\/biggifarbenreich.brigitte-reich.de\/index.php?rest_route=\/wp\/v2\/types\/page"}],"author":[{"embeddable":true,"href":"https:\/\/biggifarbenreich.brigitte-reich.de\/index.php?rest_route=\/wp\/v2\/users\/1"}],"replies":[{"embeddable":true,"href":"https:\/\/biggifarbenreich.brigitte-reich.de\/index.php?rest_route=%2Fwp%2Fv2%2Fcomments&post=3316"}],"version-history":[{"count":10,"href":"https:\/\/biggifarbenreich.brigitte-reich.de\/index.php?rest_route=\/wp\/v2\/pages\/3316\/revisions"}],"predecessor-version":[{"id":3343,"href":"https:\/\/biggifarbenreich.brigitte-reich.de\/index.php?rest_route=\/wp\/v2\/pages\/3316\/revisions\/3343"}],"wp:attachment":[{"href":"https:\/\/biggifarbenreich.brigitte-reich.de\/index.php?rest_route=%2Fwp%2Fv2%2Fmedia&parent=3316"}],"curies":[{"name":"wp","href":"https:\/\/api.w.org\/{rel}","templated":true}]}}