{"id":318,"date":"2020-02-16T15:51:47","date_gmt":"2020-02-16T14:51:47","guid":{"rendered":"https:\/\/biggifarbenreich.brigitte-reich.de\/?page_id=318"},"modified":"2023-07-13T14:45:02","modified_gmt":"2023-07-13T12:45:02","slug":"seminare","status":"publish","type":"page","link":"https:\/\/biggifarbenreich.brigitte-reich.de\/?page_id=318","title":{"rendered":"SEMINARE"},"content":{"rendered":"<p>[et_pb_section fb_built=&#8220;1&#8243; _builder_version=&#8220;4.16&#8243; use_background_color_gradient=&#8220;on&#8220; background_enable_image=&#8220;off&#8220; global_colors_info=&#8220;{}&#8220;][et_pb_row _builder_version=&#8220;4.16&#8243; global_colors_info=&#8220;{}&#8220;][et_pb_column type=&#8220;4_4&#8243; _builder_version=&#8220;4.16&#8243; global_colors_info=&#8220;{}&#8220;][et_pb_text _builder_version=&#8220;4.21.0&#8243; hover_enabled=&#8220;0&#8243; locked=&#8220;off&#8220; global_colors_info=&#8220;{}&#8220; text_text_color=&#8220;#FFFFFF&#8220; sticky_enabled=&#8220;0&#8243; header_text_color=&#8220;#FFFFFF&#8220;]<\/p>\n<h1>Herzlich Willkommen<\/h1>\n<p>Yuhuu, welche Freude, dass Du da bist. Tauche in die wundervolle Welt der Farben ein. Sp\u00fcre die Heilung, die sich immer mehr entfacht und finde immer mehr bunte Wege zu Dir selber. Sei frei und spielerisch. Die Bilder und Deine Farben sind vor allem f\u00fcr Dich. Das Malen ist ein Regenbogen in die eigene Seelenlandschaft. Ein Geschenk der Reise an Dich selber. Zeit, einfach zu sein. Bei dir zu sein. Dinge auszuprobieren, einfach zu gestalten. Alle Anspr\u00fcche und Erwartungen loszulassen und damit sich selber immer mehr zu entdecken. Malen heilt und ber\u00fchrt uns auf einer tiefen, inneren Ebene. Sp\u00fcre, was sich dadurch auch im Au\u00dfen sanft ver\u00e4ndert, wie Du Dich immer mehr zeigen und \u00f6ffnen kannst.<\/p>\n<p>Farbklekse, Magic-Stone-Art, Art with me, Zentangle your life oder colour your day \u2013 diese Begriffe und damit verbundene Ideen und innere Bilder sind schon so lange in meinen Gedanken. Es war mir so eine Freude diese Geschenke f\u00fcr Dich zu kreieren. Schon wenige Farben reichen aus, um einen Regenbogen der Freude, der Liebe und der Heilung entstehen zu lassen. Dazu das Wunder von Wasserfarben und zarten Zutaten und schon geschehen Wunder. Je mehr ich mit diesem Elementen male, umso mehr komme ich nach Hause. Vielleicht liegt es daran, dass die Wasserfarben auch weich und flie\u00dfend sind und so unsere Weiblichkeit ganz sanft und lichtvoll ber\u00fchren. Hier k\u00f6nnen wir in einen zarten Fluss der Heilung eintauchen und fr\u00f6hlich neue Facetten von uns entdecken.<\/p>\n<p>Aber auch kr\u00e4ftige Farben, wenn du dich erden m\u00f6chtest, finden diverse Wege und M\u00f6glichkeiten.<\/p>\n<p>Unter &#8222;Termine&#8220; findest du die verschiedenen Kurse mit den aktuellen Terminen.<\/p>\n<p>[\/et_pb_text][\/et_pb_column][\/et_pb_row][\/et_pb_section]<\/p>\n","protected":false},"excerpt":{"rendered":"<p>Herzlich Willkommen Yuhuu, welche Freude, dass Du da bist. Tauche in die wundervolle Welt der Farben ein. Sp\u00fcre die Heilung, die sich immer mehr entfacht und finde immer mehr bunte Wege zu Dir selber. Sei frei und spielerisch. Die Bilder und Deine Farben sind vor allem f\u00fcr Dich. Das Malen ist ein Regenbogen in die [&hellip;]<\/p>\n","protected":false},"author":1,"featured_media":0,"parent":0,"menu_order":208,"comment_status":"closed","ping_status":"closed","template":"","meta":{"_et_pb_use_builder":"on","_et_pb_old_content":"","_et_gb_content_width":"","footnotes":""},"class_list":["post-318","page","type-page","status-publish","hentry"],"yoast_head":"<!-- This site is optimized with the Yoast SEO plugin v27.1.1 - https:\/\/yoast.com\/product\/yoast-seo-wordpress\/ -->\n<title>SEMINARE - biggifarbenreich.brigitte-reich.de<\/title>\n<meta name=\"robots\" content=\"index, follow, max-snippet:-1, max-image-preview:large, max-video-preview:-1\" \/>\n<link rel=\"canonical\" href=\"https:\/\/biggifarbenreich.brigitte-reich.de\/?page_id=318\" \/>\n<meta property=\"og:locale\" content=\"de_DE\" \/>\n<meta property=\"og:type\" content=\"article\" \/>\n<meta property=\"og:title\" content=\"SEMINARE - biggifarbenreich.brigitte-reich.de\" \/>\n<meta property=\"og:description\" content=\"Herzlich Willkommen Yuhuu, welche Freude, dass Du da bist. Tauche in die wundervolle Welt der Farben ein. Sp\u00fcre die Heilung, die sich immer mehr entfacht und finde immer mehr bunte Wege zu Dir selber. Sei frei und spielerisch. Die Bilder und Deine Farben sind vor allem f\u00fcr Dich. Das Malen ist ein Regenbogen in die [&hellip;]\" \/>\n<meta property=\"og:url\" content=\"https:\/\/biggifarbenreich.brigitte-reich.de\/?page_id=318\" \/>\n<meta property=\"og:site_name\" content=\"biggifarbenreich.brigitte-reich.de\" \/>\n<meta property=\"article:modified_time\" content=\"2023-07-13T12:45:02+00:00\" \/>\n<meta name=\"twitter:card\" content=\"summary_large_image\" \/>\n<meta name=\"twitter:label1\" content=\"Gesch\u00e4tzte Lesezeit\" \/>\n\t<meta name=\"twitter:data1\" content=\"2\u00a0Minuten\" \/>\n<script type=\"application\/ld+json\" class=\"yoast-schema-graph\">{\"@context\":\"https:\/\/schema.org\",\"@graph\":[{\"@type\":\"WebPage\",\"@id\":\"https:\/\/biggifarbenreich.brigitte-reich.de\/?page_id=318\",\"url\":\"https:\/\/biggifarbenreich.brigitte-reich.de\/?page_id=318\",\"name\":\"SEMINARE - biggifarbenreich.brigitte-reich.de\",\"isPartOf\":{\"@id\":\"https:\/\/biggifarbenreich.brigitte-reich.de\/#website\"},\"datePublished\":\"2020-02-16T14:51:47+00:00\",\"dateModified\":\"2023-07-13T12:45:02+00:00\",\"breadcrumb\":{\"@id\":\"https:\/\/biggifarbenreich.brigitte-reich.de\/?page_id=318#breadcrumb\"},\"inLanguage\":\"de\",\"potentialAction\":[{\"@type\":\"ReadAction\",\"target\":[\"https:\/\/biggifarbenreich.brigitte-reich.de\/?page_id=318\"]}]},{\"@type\":\"BreadcrumbList\",\"@id\":\"https:\/\/biggifarbenreich.brigitte-reich.de\/?page_id=318#breadcrumb\",\"itemListElement\":[{\"@type\":\"ListItem\",\"position\":1,\"name\":\"Startseite\",\"item\":\"https:\/\/biggifarbenreich.brigitte-reich.de\/\"},{\"@type\":\"ListItem\",\"position\":2,\"name\":\"SEMINARE\"}]},{\"@type\":\"WebSite\",\"@id\":\"https:\/\/biggifarbenreich.brigitte-reich.de\/#website\",\"url\":\"https:\/\/biggifarbenreich.brigitte-reich.de\/\",\"name\":\"biggifarbenreich.brigitte-reich.de\",\"description\":\"Kunstausstellung und Verkauf\",\"potentialAction\":[{\"@type\":\"SearchAction\",\"target\":{\"@type\":\"EntryPoint\",\"urlTemplate\":\"https:\/\/biggifarbenreich.brigitte-reich.de\/?s={search_term_string}\"},\"query-input\":{\"@type\":\"PropertyValueSpecification\",\"valueRequired\":true,\"valueName\":\"search_term_string\"}}],\"inLanguage\":\"de\"}]}<\/script>\n<!-- \/ Yoast SEO plugin. -->","yoast_head_json":{"title":"SEMINARE - biggifarbenreich.brigitte-reich.de","robots":{"index":"index","follow":"follow","max-snippet":"max-snippet:-1","max-image-preview":"max-image-preview:large","max-video-preview":"max-video-preview:-1"},"canonical":"https:\/\/biggifarbenreich.brigitte-reich.de\/?page_id=318","og_locale":"de_DE","og_type":"article","og_title":"SEMINARE - biggifarbenreich.brigitte-reich.de","og_description":"Herzlich Willkommen Yuhuu, welche Freude, dass Du da bist. Tauche in die wundervolle Welt der Farben ein. Sp\u00fcre die Heilung, die sich immer mehr entfacht und finde immer mehr bunte Wege zu Dir selber. Sei frei und spielerisch. Die Bilder und Deine Farben sind vor allem f\u00fcr Dich. Das Malen ist ein Regenbogen in die [&hellip;]","og_url":"https:\/\/biggifarbenreich.brigitte-reich.de\/?page_id=318","og_site_name":"biggifarbenreich.brigitte-reich.de","article_modified_time":"2023-07-13T12:45:02+00:00","twitter_card":"summary_large_image","twitter_misc":{"Gesch\u00e4tzte Lesezeit":"2\u00a0Minuten"},"schema":{"@context":"https:\/\/schema.org","@graph":[{"@type":"WebPage","@id":"https:\/\/biggifarbenreich.brigitte-reich.de\/?page_id=318","url":"https:\/\/biggifarbenreich.brigitte-reich.de\/?page_id=318","name":"SEMINARE - biggifarbenreich.brigitte-reich.de","isPartOf":{"@id":"https:\/\/biggifarbenreich.brigitte-reich.de\/#website"},"datePublished":"2020-02-16T14:51:47+00:00","dateModified":"2023-07-13T12:45:02+00:00","breadcrumb":{"@id":"https:\/\/biggifarbenreich.brigitte-reich.de\/?page_id=318#breadcrumb"},"inLanguage":"de","potentialAction":[{"@type":"ReadAction","target":["https:\/\/biggifarbenreich.brigitte-reich.de\/?page_id=318"]}]},{"@type":"BreadcrumbList","@id":"https:\/\/biggifarbenreich.brigitte-reich.de\/?page_id=318#breadcrumb","itemListElement":[{"@type":"ListItem","position":1,"name":"Startseite","item":"https:\/\/biggifarbenreich.brigitte-reich.de\/"},{"@type":"ListItem","position":2,"name":"SEMINARE"}]},{"@type":"WebSite","@id":"https:\/\/biggifarbenreich.brigitte-reich.de\/#website","url":"https:\/\/biggifarbenreich.brigitte-reich.de\/","name":"biggifarbenreich.brigitte-reich.de","description":"Kunstausstellung und Verkauf","potentialAction":[{"@type":"SearchAction","target":{"@type":"EntryPoint","urlTemplate":"https:\/\/biggifarbenreich.brigitte-reich.de\/?s={search_term_string}"},"query-input":{"@type":"PropertyValueSpecification","valueRequired":true,"valueName":"search_term_string"}}],"inLanguage":"de"}]}},"jetpack_sharing_enabled":true,"_links":{"self":[{"href":"https:\/\/biggifarbenreich.brigitte-reich.de\/index.php?rest_route=\/wp\/v2\/pages\/318","targetHints":{"allow":["GET"]}}],"collection":[{"href":"https:\/\/biggifarbenreich.brigitte-reich.de\/index.php?rest_route=\/wp\/v2\/pages"}],"about":[{"href":"https:\/\/biggifarbenreich.brigitte-reich.de\/index.php?rest_route=\/wp\/v2\/types\/page"}],"author":[{"embeddable":true,"href":"https:\/\/biggifarbenreich.brigitte-reich.de\/index.php?rest_route=\/wp\/v2\/users\/1"}],"replies":[{"embeddable":true,"href":"https:\/\/biggifarbenreich.brigitte-reich.de\/index.php?rest_route=%2Fwp%2Fv2%2Fcomments&post=318"}],"version-history":[{"count":14,"href":"https:\/\/biggifarbenreich.brigitte-reich.de\/index.php?rest_route=\/wp\/v2\/pages\/318\/revisions"}],"predecessor-version":[{"id":2114,"href":"https:\/\/biggifarbenreich.brigitte-reich.de\/index.php?rest_route=\/wp\/v2\/pages\/318\/revisions\/2114"}],"wp:attachment":[{"href":"https:\/\/biggifarbenreich.brigitte-reich.de\/index.php?rest_route=%2Fwp%2Fv2%2Fmedia&parent=318"}],"curies":[{"name":"wp","href":"https:\/\/api.w.org\/{rel}","templated":true}]}}