{"id":2920,"date":"2023-08-30T17:14:09","date_gmt":"2023-08-30T15:14:09","guid":{"rendered":"https:\/\/biggifarbenreich.brigitte-reich.de\/?page_id=2920"},"modified":"2024-01-04T14:51:11","modified_gmt":"2024-01-04T13:51:11","slug":"bestellung-sonstige-wuscheltiere","status":"publish","type":"page","link":"https:\/\/biggifarbenreich.brigitte-reich.de\/?page_id=2920","title":{"rendered":"Sonstige Wuscheltiere"},"content":{"rendered":"<p>[et_pb_section fb_built=&#8220;1&#8243; _builder_version=&#8220;4.22.1&#8243; _module_preset=&#8220;default&#8220; global_colors_info=&#8220;{}&#8220;][et_pb_row _builder_version=&#8220;4.22.1&#8243; _module_preset=&#8220;default&#8220; global_colors_info=&#8220;{}&#8220;][et_pb_column type=&#8220;4_4&#8243; _builder_version=&#8220;4.22.1&#8243; _module_preset=&#8220;default&#8220; global_colors_info=&#8220;{}&#8220;][et_pb_text _builder_version=&#8220;4.23.1&#8243; _module_preset=&#8220;default&#8220; hover_enabled=&#8220;0&#8243; locked=&#8220;off&#8220; global_colors_info=&#8220;{}&#8220; sticky_enabled=&#8220;0&#8243; disabled_on=&#8220;on|on|on&#8220; disabled=&#8220;on&#8220;]<marquee><span style=\"color: #ff00ff;\"><strong>Ab 1.1.2024 wieder regul\u00e4re Preise f\u00fcr die gemalten Bilder. Bestellungen bis zum 31.12.2023 noch zum reduzierten Preis!<\/strong><\/span><\/marquee>[\/et_pb_text][et_pb_text _builder_version=&#8220;4.22.2&#8243; _module_preset=&#8220;default&#8220; locked=&#8220;off&#8220; global_colors_info=&#8220;{}&#8220;]<\/p>\n<h4 style=\"text-align: center;\">Nicht alle hier aufgef\u00fchrten Bilder sind noch verf\u00fcgbar, k\u00f6nnen aber nachbestellt werden. Dauer ca. 3 &#8211; 5 Tage.<\/h4>\n<h4 style=\"text-align: center;\"><strong>Da es sich hier immer um Unikate handelt, gibt es\u00a0 geringe Farbabweichungen!<\/strong><\/h4>\n<p>[\/et_pb_text][et_pb_shop type=&#8220;product_category&#8220; include_categories=&#8220;33&#8243; _builder_version=&#8220;4.22.1&#8243; _module_preset=&#8220;default&#8220; global_colors_info=&#8220;{}&#8220;][\/et_pb_shop][et_pb_button button_url=&#8220;@ET-DC@eyJkeW5hbWljIjp0cnVlLCJjb250ZW50IjoicG9zdF9saW5rX3VybF9wYWdlIiwic2V0dGluZ3MiOnsicG9zdF9pZCI6IjI3ODIifX0=@&#8220; button_text=&#8220;zur\u00fcck zum Shop&#8220; button_alignment=&#8220;right&#8220; _builder_version=&#8220;4.22.1&#8243; _dynamic_attributes=&#8220;button_url&#8220; _module_preset=&#8220;default&#8220; custom_button=&#8220;on&#8220; button_text_color=&#8220;#FFFFFF&#8220; button_bg_use_color_gradient=&#8220;on&#8220; button_border_width=&#8220;2px&#8220; button_border_color=&#8220;#FFFFFF&#8220; button_border_radius=&#8220;10px&#8220; button_font=&#8220;Arial||||||||&#8220; button_icon=&#8220;&#x3c;||divi||400&#8243; button_icon_color=&#8220;#FFFFFF&#8220; button_text_shadow_style=&#8220;preset1&#8243; box_shadow_style=&#8220;preset4&#8243; locked=&#8220;off&#8220; global_colors_info=&#8220;{}&#8220;][\/et_pb_button][\/et_pb_column][\/et_pb_row][\/et_pb_section]<\/p>\n","protected":false},"excerpt":{"rendered":"<p>Ab 1.1.2024 wieder regul\u00e4re Preise f\u00fcr die gemalten Bilder. Bestellungen bis zum 31.12.2023 noch zum reduzierten Preis!Nicht alle hier aufgef\u00fchrten Bilder sind noch verf\u00fcgbar, k\u00f6nnen aber nachbestellt werden. Dauer ca. 3 &#8211; 5 Tage. Da es sich hier immer um Unikate handelt, gibt es\u00a0 geringe Farbabweichungen!<\/p>\n","protected":false},"author":1,"featured_media":0,"parent":1789,"menu_order":5,"comment_status":"closed","ping_status":"closed","template":"","meta":{"_et_pb_use_builder":"on","_et_pb_old_content":"","_et_gb_content_width":"","footnotes":""},"class_list":["post-2920","page","type-page","status-publish","hentry"],"yoast_head":"<!-- This site is optimized with the Yoast SEO plugin v27.1.1 - https:\/\/yoast.com\/product\/yoast-seo-wordpress\/ -->\n<title>Sonstige Wuscheltiere - biggifarbenreich.brigitte-reich.de<\/title>\n<meta name=\"robots\" content=\"index, follow, max-snippet:-1, max-image-preview:large, max-video-preview:-1\" \/>\n<link rel=\"canonical\" href=\"https:\/\/biggifarbenreich.brigitte-reich.de\/?page_id=2920\" \/>\n<meta property=\"og:locale\" content=\"de_DE\" \/>\n<meta property=\"og:type\" content=\"article\" \/>\n<meta property=\"og:title\" content=\"Sonstige Wuscheltiere - biggifarbenreich.brigitte-reich.de\" \/>\n<meta property=\"og:description\" content=\"Ab 1.1.2024 wieder regul\u00e4re Preise f\u00fcr die gemalten Bilder. Bestellungen bis zum 31.12.2023 noch zum reduzierten Preis!Nicht alle hier aufgef\u00fchrten Bilder sind noch verf\u00fcgbar, k\u00f6nnen aber nachbestellt werden. Dauer ca. 3 - 5 Tage. Da es sich hier immer um Unikate handelt, gibt es\u00a0 geringe Farbabweichungen!\" \/>\n<meta property=\"og:url\" content=\"https:\/\/biggifarbenreich.brigitte-reich.de\/?page_id=2920\" \/>\n<meta property=\"og:site_name\" content=\"biggifarbenreich.brigitte-reich.de\" \/>\n<meta property=\"article:modified_time\" content=\"2024-01-04T13:51:11+00:00\" \/>\n<meta name=\"twitter:card\" content=\"summary_large_image\" \/>\n<meta name=\"twitter:label1\" content=\"Gesch\u00e4tzte Lesezeit\" \/>\n\t<meta name=\"twitter:data1\" content=\"2\u00a0Minuten\" \/>\n<script type=\"application\/ld+json\" class=\"yoast-schema-graph\">{\"@context\":\"https:\/\/schema.org\",\"@graph\":[{\"@type\":\"WebPage\",\"@id\":\"https:\/\/biggifarbenreich.brigitte-reich.de\/?page_id=2920\",\"url\":\"https:\/\/biggifarbenreich.brigitte-reich.de\/?page_id=2920\",\"name\":\"Sonstige Wuscheltiere - biggifarbenreich.brigitte-reich.de\",\"isPartOf\":{\"@id\":\"https:\/\/biggifarbenreich.brigitte-reich.de\/#website\"},\"datePublished\":\"2023-08-30T15:14:09+00:00\",\"dateModified\":\"2024-01-04T13:51:11+00:00\",\"breadcrumb\":{\"@id\":\"https:\/\/biggifarbenreich.brigitte-reich.de\/?page_id=2920#breadcrumb\"},\"inLanguage\":\"de\",\"potentialAction\":[{\"@type\":\"ReadAction\",\"target\":[\"https:\/\/biggifarbenreich.brigitte-reich.de\/?page_id=2920\"]}]},{\"@type\":\"BreadcrumbList\",\"@id\":\"https:\/\/biggifarbenreich.brigitte-reich.de\/?page_id=2920#breadcrumb\",\"itemListElement\":[{\"@type\":\"ListItem\",\"position\":1,\"name\":\"Startseite\",\"item\":\"https:\/\/biggifarbenreich.brigitte-reich.de\/\"},{\"@type\":\"ListItem\",\"position\":2,\"name\":\"Tierportraits\",\"item\":\"https:\/\/biggifarbenreich.brigitte-reich.de\/?page_id=1789\"},{\"@type\":\"ListItem\",\"position\":3,\"name\":\"Sonstige Wuscheltiere\"}]},{\"@type\":\"WebSite\",\"@id\":\"https:\/\/biggifarbenreich.brigitte-reich.de\/#website\",\"url\":\"https:\/\/biggifarbenreich.brigitte-reich.de\/\",\"name\":\"biggifarbenreich.brigitte-reich.de\",\"description\":\"Kunstausstellung und Verkauf\",\"potentialAction\":[{\"@type\":\"SearchAction\",\"target\":{\"@type\":\"EntryPoint\",\"urlTemplate\":\"https:\/\/biggifarbenreich.brigitte-reich.de\/?s={search_term_string}\"},\"query-input\":{\"@type\":\"PropertyValueSpecification\",\"valueRequired\":true,\"valueName\":\"search_term_string\"}}],\"inLanguage\":\"de\"}]}<\/script>\n<!-- \/ Yoast SEO plugin. -->","yoast_head_json":{"title":"Sonstige Wuscheltiere - biggifarbenreich.brigitte-reich.de","robots":{"index":"index","follow":"follow","max-snippet":"max-snippet:-1","max-image-preview":"max-image-preview:large","max-video-preview":"max-video-preview:-1"},"canonical":"https:\/\/biggifarbenreich.brigitte-reich.de\/?page_id=2920","og_locale":"de_DE","og_type":"article","og_title":"Sonstige Wuscheltiere - biggifarbenreich.brigitte-reich.de","og_description":"Ab 1.1.2024 wieder regul\u00e4re Preise f\u00fcr die gemalten Bilder. Bestellungen bis zum 31.12.2023 noch zum reduzierten Preis!Nicht alle hier aufgef\u00fchrten Bilder sind noch verf\u00fcgbar, k\u00f6nnen aber nachbestellt werden. Dauer ca. 3 - 5 Tage. Da es sich hier immer um Unikate handelt, gibt es\u00a0 geringe Farbabweichungen!","og_url":"https:\/\/biggifarbenreich.brigitte-reich.de\/?page_id=2920","og_site_name":"biggifarbenreich.brigitte-reich.de","article_modified_time":"2024-01-04T13:51:11+00:00","twitter_card":"summary_large_image","twitter_misc":{"Gesch\u00e4tzte Lesezeit":"2\u00a0Minuten"},"schema":{"@context":"https:\/\/schema.org","@graph":[{"@type":"WebPage","@id":"https:\/\/biggifarbenreich.brigitte-reich.de\/?page_id=2920","url":"https:\/\/biggifarbenreich.brigitte-reich.de\/?page_id=2920","name":"Sonstige Wuscheltiere - biggifarbenreich.brigitte-reich.de","isPartOf":{"@id":"https:\/\/biggifarbenreich.brigitte-reich.de\/#website"},"datePublished":"2023-08-30T15:14:09+00:00","dateModified":"2024-01-04T13:51:11+00:00","breadcrumb":{"@id":"https:\/\/biggifarbenreich.brigitte-reich.de\/?page_id=2920#breadcrumb"},"inLanguage":"de","potentialAction":[{"@type":"ReadAction","target":["https:\/\/biggifarbenreich.brigitte-reich.de\/?page_id=2920"]}]},{"@type":"BreadcrumbList","@id":"https:\/\/biggifarbenreich.brigitte-reich.de\/?page_id=2920#breadcrumb","itemListElement":[{"@type":"ListItem","position":1,"name":"Startseite","item":"https:\/\/biggifarbenreich.brigitte-reich.de\/"},{"@type":"ListItem","position":2,"name":"Tierportraits","item":"https:\/\/biggifarbenreich.brigitte-reich.de\/?page_id=1789"},{"@type":"ListItem","position":3,"name":"Sonstige Wuscheltiere"}]},{"@type":"WebSite","@id":"https:\/\/biggifarbenreich.brigitte-reich.de\/#website","url":"https:\/\/biggifarbenreich.brigitte-reich.de\/","name":"biggifarbenreich.brigitte-reich.de","description":"Kunstausstellung und Verkauf","potentialAction":[{"@type":"SearchAction","target":{"@type":"EntryPoint","urlTemplate":"https:\/\/biggifarbenreich.brigitte-reich.de\/?s={search_term_string}"},"query-input":{"@type":"PropertyValueSpecification","valueRequired":true,"valueName":"search_term_string"}}],"inLanguage":"de"}]}},"jetpack_sharing_enabled":true,"_links":{"self":[{"href":"https:\/\/biggifarbenreich.brigitte-reich.de\/index.php?rest_route=\/wp\/v2\/pages\/2920","targetHints":{"allow":["GET"]}}],"collection":[{"href":"https:\/\/biggifarbenreich.brigitte-reich.de\/index.php?rest_route=\/wp\/v2\/pages"}],"about":[{"href":"https:\/\/biggifarbenreich.brigitte-reich.de\/index.php?rest_route=\/wp\/v2\/types\/page"}],"author":[{"embeddable":true,"href":"https:\/\/biggifarbenreich.brigitte-reich.de\/index.php?rest_route=\/wp\/v2\/users\/1"}],"replies":[{"embeddable":true,"href":"https:\/\/biggifarbenreich.brigitte-reich.de\/index.php?rest_route=%2Fwp%2Fv2%2Fcomments&post=2920"}],"version-history":[{"count":14,"href":"https:\/\/biggifarbenreich.brigitte-reich.de\/index.php?rest_route=\/wp\/v2\/pages\/2920\/revisions"}],"predecessor-version":[{"id":3306,"href":"https:\/\/biggifarbenreich.brigitte-reich.de\/index.php?rest_route=\/wp\/v2\/pages\/2920\/revisions\/3306"}],"up":[{"embeddable":true,"href":"https:\/\/biggifarbenreich.brigitte-reich.de\/index.php?rest_route=\/wp\/v2\/pages\/1789"}],"wp:attachment":[{"href":"https:\/\/biggifarbenreich.brigitte-reich.de\/index.php?rest_route=%2Fwp%2Fv2%2Fmedia&parent=2920"}],"curies":[{"name":"wp","href":"https:\/\/api.w.org\/{rel}","templated":true}]}}