{"id":22,"date":"2019-11-29T17:10:10","date_gmt":"2019-11-29T16:10:10","guid":{"rendered":"http:\/\/biggifarbenreich.brigitte-reich.de\/?page_id=22"},"modified":"2024-03-15T13:09:06","modified_gmt":"2024-03-15T12:09:06","slug":"kontakt","status":"publish","type":"page","link":"https:\/\/biggifarbenreich.brigitte-reich.de\/?page_id=22","title":{"rendered":"Kontakt"},"content":{"rendered":"<p>[et_pb_section fb_built=&#8220;1&#8243; admin_label=&#8220;Kontakt&#8220; _builder_version=&#8220;4.16&#8243; background_enable_color=&#8220;off&#8220; use_background_color_gradient=&#8220;on&#8220; background_enable_image=&#8220;off&#8220; global_colors_info=&#8220;{}&#8220;][et_pb_row _builder_version=&#8220;4.16&#8243; animation_style=&#8220;zoom&#8220; box_shadow_style=&#8220;preset2&#8243; box_shadow_blur=&#8220;25px&#8220; box_shadow_spread=&#8220;10px&#8220; box_shadow_color=&#8220;#ffffff&#8220; global_colors_info=&#8220;{}&#8220;][et_pb_column type=&#8220;4_4&#8243; _builder_version=&#8220;4.16&#8243; global_colors_info=&#8220;{}&#8220;][et_pb_contact_form email=&#8220;biggisfarbenreich@brigitte-reich.de&#8220; success_message=&#8220;Vielen Dank f\u00fcr deine Anfrage, du wirst binnen 48 Stunden eine Nachricht von mir erhalten.&#8220; submit_button_text=&#8220;Senden&#8220; admin_label=&#8220;Kontakt&#8220; _builder_version=&#8220;4.22.0&#8243; _unique_id=&#8220;a57c837e-2aac-4e0b-b79b-dd73c0e0c3b5&#8243; custom_button=&#8220;on&#8220; button_bg_color=&#8220;#E02B20&#8243; button_border_width=&#8220;3px&#8220; button_border_radius=&#8220;100px&#8220; button_icon=&#8220;&#xe010;||divi||400&#8243; button_icon_color=&#8220;#FFFFFF&#8220; animation_style=&#8220;zoom&#8220; hover_enabled=&#8220;0&#8243; border_radii=&#8220;on|3px|3px|3px|3px&#8220; box_shadow_style=&#8220;preset2&#8243; box_shadow_blur=&#8220;25px&#8220; box_shadow_spread=&#8220;10px&#8220; box_shadow_style_button=&#8220;preset2&#8243; box_shadow_blur_button=&#8220;25px&#8220; box_shadow_spread_button=&#8220;10px&#8220; box_shadow_color_button=&#8220;rgba(0,0,0,0)3&#8243; global_colors_info=&#8220;{}&#8220; sticky_enabled=&#8220;0&#8243;][et_pb_contact_field field_id=&#8220;Name&#8220; field_title=&#8220;Name (Pflichtfeld)&#8220; _builder_version=&#8220;4.16&#8243; border_radii=&#8220;on|15px|15px|15px|15px&#8220; box_shadow_style=&#8220;preset4&#8243; global_colors_info=&#8220;{}&#8220; button_text_size__hover_enabled=&#8220;off&#8220; button_one_text_size__hover_enabled=&#8220;off&#8220; button_two_text_size__hover_enabled=&#8220;off&#8220; button_text_color__hover_enabled=&#8220;off&#8220; button_one_text_color__hover_enabled=&#8220;off&#8220; button_two_text_color__hover_enabled=&#8220;off&#8220; button_border_width__hover_enabled=&#8220;off&#8220; button_one_border_width__hover_enabled=&#8220;off&#8220; button_two_border_width__hover_enabled=&#8220;off&#8220; button_border_color__hover_enabled=&#8220;off&#8220; button_one_border_color__hover_enabled=&#8220;off&#8220; button_two_border_color__hover_enabled=&#8220;off&#8220; button_border_radius__hover_enabled=&#8220;off&#8220; button_one_border_radius__hover_enabled=&#8220;off&#8220; button_two_border_radius__hover_enabled=&#8220;off&#8220; button_letter_spacing__hover_enabled=&#8220;off&#8220; button_one_letter_spacing__hover_enabled=&#8220;off&#8220; button_two_letter_spacing__hover_enabled=&#8220;off&#8220; button_bg_color__hover_enabled=&#8220;off&#8220; button_one_bg_color__hover_enabled=&#8220;off&#8220; button_two_bg_color__hover_enabled=&#8220;off&#8220;][\/et_pb_contact_field][et_pb_contact_field field_id=&#8220;Email&#8220; field_title=&#8220;E-Mail-Adresse (Pflichtfeld)&#8220; field_type=&#8220;email&#8220; _builder_version=&#8220;4.16&#8243; border_radii=&#8220;on|15px|15px|15px|15px&#8220; box_shadow_style=&#8220;preset4&#8243; global_colors_info=&#8220;{}&#8220; button_text_size__hover_enabled=&#8220;off&#8220; button_one_text_size__hover_enabled=&#8220;off&#8220; button_two_text_size__hover_enabled=&#8220;off&#8220; button_text_color__hover_enabled=&#8220;off&#8220; button_one_text_color__hover_enabled=&#8220;off&#8220; button_two_text_color__hover_enabled=&#8220;off&#8220; button_border_width__hover_enabled=&#8220;off&#8220; button_one_border_width__hover_enabled=&#8220;off&#8220; button_two_border_width__hover_enabled=&#8220;off&#8220; button_border_color__hover_enabled=&#8220;off&#8220; button_one_border_color__hover_enabled=&#8220;off&#8220; button_two_border_color__hover_enabled=&#8220;off&#8220; button_border_radius__hover_enabled=&#8220;off&#8220; button_one_border_radius__hover_enabled=&#8220;off&#8220; button_two_border_radius__hover_enabled=&#8220;off&#8220; button_letter_spacing__hover_enabled=&#8220;off&#8220; button_one_letter_spacing__hover_enabled=&#8220;off&#8220; button_two_letter_spacing__hover_enabled=&#8220;off&#8220; button_bg_color__hover_enabled=&#8220;off&#8220; button_one_bg_color__hover_enabled=&#8220;off&#8220; button_two_bg_color__hover_enabled=&#8220;off&#8220;][\/et_pb_contact_field][et_pb_contact_field field_id=&#8220;Message&#8220; field_title=&#8220;Deine Nachricht&#8220; field_type=&#8220;text&#8220; _builder_version=&#8220;4.16&#8243; border_radii=&#8220;on|15px|15px|15px|15px&#8220; box_shadow_style=&#8220;preset4&#8243; global_colors_info=&#8220;{}&#8220; button_text_size__hover_enabled=&#8220;off&#8220; button_one_text_size__hover_enabled=&#8220;off&#8220; button_two_text_size__hover_enabled=&#8220;off&#8220; button_text_color__hover_enabled=&#8220;off&#8220; button_one_text_color__hover_enabled=&#8220;off&#8220; button_two_text_color__hover_enabled=&#8220;off&#8220; button_border_width__hover_enabled=&#8220;off&#8220; button_one_border_width__hover_enabled=&#8220;off&#8220; button_two_border_width__hover_enabled=&#8220;off&#8220; button_border_color__hover_enabled=&#8220;off&#8220; button_one_border_color__hover_enabled=&#8220;off&#8220; button_two_border_color__hover_enabled=&#8220;off&#8220; button_border_radius__hover_enabled=&#8220;off&#8220; button_one_border_radius__hover_enabled=&#8220;off&#8220; button_two_border_radius__hover_enabled=&#8220;off&#8220; button_letter_spacing__hover_enabled=&#8220;off&#8220; button_one_letter_spacing__hover_enabled=&#8220;off&#8220; button_two_letter_spacing__hover_enabled=&#8220;off&#8220; button_bg_color__hover_enabled=&#8220;off&#8220; button_one_bg_color__hover_enabled=&#8220;off&#8220; button_two_bg_color__hover_enabled=&#8220;off&#8220;][\/et_pb_contact_field][\/et_pb_contact_form][et_pb_text _builder_version=&#8220;4.22.0&#8243; text_text_color=&#8220;#FFFFFF&#8220; global_colors_info=&#8220;{}&#8220;]<\/p>\n<p><b>Bitte beachte die folgende Bedingung vor dem Absenden des Formulares:<\/b><br \/>Mit dem Absenden des Formulares erkl\u00e4rst du dich damit einverstanden, dass deine Daten zur Bearbeitung deiner Anfrage von uns gespeichert und verwendet werden. Deine Daten werden \u00fcber eine verschl\u00fcsselte Verbindung \u00fcbertragen. Wir geben keine Daten an Dritte weiter. (Weitere Informationen und Widerrufshinweise findest du in der Datenschutzerkl\u00e4rung in der Fu\u00dfzeile.)<\/p>\n<p>[\/et_pb_text][\/et_pb_column][\/et_pb_row][\/et_pb_section]<\/p>\n","protected":false},"excerpt":{"rendered":"<p>Bitte beachte die folgende Bedingung vor dem Absenden des Formulares:Mit dem Absenden des Formulares erkl\u00e4rst du dich damit einverstanden, dass deine Daten zur Bearbeitung deiner Anfrage von uns gespeichert und verwendet werden. Deine Daten werden \u00fcber eine verschl\u00fcsselte Verbindung \u00fcbertragen. Wir geben keine Daten an Dritte weiter. (Weitere Informationen und Widerrufshinweise findest du in der [&hellip;]<\/p>\n","protected":false},"author":1,"featured_media":0,"parent":0,"menu_order":808,"comment_status":"closed","ping_status":"closed","template":"","meta":{"_et_pb_use_builder":"on","_et_pb_old_content":"","_et_gb_content_width":"","footnotes":""},"class_list":["post-22","page","type-page","status-publish","hentry"],"yoast_head":"<!-- This site is optimized with the Yoast SEO plugin v27.1.1 - https:\/\/yoast.com\/product\/yoast-seo-wordpress\/ -->\n<title>%Kontakt mit BiggiFarbenreich - %BiggiFarbenReich<\/title>\n<meta name=\"description\" content=\"\u00dcber diese Seite kannst du Kontakt mit mir aufnehmen, deine Fragen und W\u00fcnsche \u00e4u\u00dfern. Du kannst auch Kurse bei mir buchen.\" \/>\n<meta name=\"robots\" content=\"index, follow, max-snippet:-1, max-image-preview:large, max-video-preview:-1\" \/>\n<link rel=\"canonical\" href=\"https:\/\/biggifarbenreich.brigitte-reich.de\/?page_id=22\" \/>\n<meta property=\"og:locale\" content=\"de_DE\" \/>\n<meta property=\"og:type\" content=\"article\" \/>\n<meta property=\"og:title\" content=\"%Kontakt mit BiggiFarbenreich - %BiggiFarbenReich\" \/>\n<meta property=\"og:description\" content=\"\u00dcber diese Seite kannst du Kontakt mit mir aufnehmen, deine Fragen und W\u00fcnsche \u00e4u\u00dfern. Du kannst auch Kurse bei mir buchen.\" \/>\n<meta property=\"og:url\" content=\"https:\/\/biggifarbenreich.brigitte-reich.de\/?page_id=22\" \/>\n<meta property=\"og:site_name\" content=\"biggifarbenreich.brigitte-reich.de\" \/>\n<meta property=\"article:modified_time\" content=\"2024-03-15T12:09:06+00:00\" \/>\n<meta name=\"twitter:card\" content=\"summary_large_image\" \/>\n<meta name=\"twitter:label1\" content=\"Gesch\u00e4tzte Lesezeit\" \/>\n\t<meta name=\"twitter:data1\" content=\"2\u00a0Minuten\" \/>\n<script type=\"application\/ld+json\" class=\"yoast-schema-graph\">{\"@context\":\"https:\/\/schema.org\",\"@graph\":[{\"@type\":\"WebPage\",\"@id\":\"https:\/\/biggifarbenreich.brigitte-reich.de\/?page_id=22\",\"url\":\"https:\/\/biggifarbenreich.brigitte-reich.de\/?page_id=22\",\"name\":\"%Kontakt mit BiggiFarbenreich - %BiggiFarbenReich\",\"isPartOf\":{\"@id\":\"https:\/\/biggifarbenreich.brigitte-reich.de\/#website\"},\"datePublished\":\"2019-11-29T16:10:10+00:00\",\"dateModified\":\"2024-03-15T12:09:06+00:00\",\"description\":\"\u00dcber diese Seite kannst du Kontakt mit mir aufnehmen, deine Fragen und W\u00fcnsche \u00e4u\u00dfern. Du kannst auch Kurse bei mir buchen.\",\"breadcrumb\":{\"@id\":\"https:\/\/biggifarbenreich.brigitte-reich.de\/?page_id=22#breadcrumb\"},\"inLanguage\":\"de\",\"potentialAction\":[{\"@type\":\"ReadAction\",\"target\":[\"https:\/\/biggifarbenreich.brigitte-reich.de\/?page_id=22\"]}]},{\"@type\":\"BreadcrumbList\",\"@id\":\"https:\/\/biggifarbenreich.brigitte-reich.de\/?page_id=22#breadcrumb\",\"itemListElement\":[{\"@type\":\"ListItem\",\"position\":1,\"name\":\"Startseite\",\"item\":\"https:\/\/biggifarbenreich.brigitte-reich.de\/\"},{\"@type\":\"ListItem\",\"position\":2,\"name\":\"Kontakt\"}]},{\"@type\":\"WebSite\",\"@id\":\"https:\/\/biggifarbenreich.brigitte-reich.de\/#website\",\"url\":\"https:\/\/biggifarbenreich.brigitte-reich.de\/\",\"name\":\"biggifarbenreich.brigitte-reich.de\",\"description\":\"Kunstausstellung und Verkauf\",\"potentialAction\":[{\"@type\":\"SearchAction\",\"target\":{\"@type\":\"EntryPoint\",\"urlTemplate\":\"https:\/\/biggifarbenreich.brigitte-reich.de\/?s={search_term_string}\"},\"query-input\":{\"@type\":\"PropertyValueSpecification\",\"valueRequired\":true,\"valueName\":\"search_term_string\"}}],\"inLanguage\":\"de\"}]}<\/script>\n<!-- \/ Yoast SEO plugin. -->","yoast_head_json":{"title":"%Kontakt mit BiggiFarbenreich - %BiggiFarbenReich","description":"\u00dcber diese Seite kannst du Kontakt mit mir aufnehmen, deine Fragen und W\u00fcnsche \u00e4u\u00dfern. Du kannst auch Kurse bei mir buchen.","robots":{"index":"index","follow":"follow","max-snippet":"max-snippet:-1","max-image-preview":"max-image-preview:large","max-video-preview":"max-video-preview:-1"},"canonical":"https:\/\/biggifarbenreich.brigitte-reich.de\/?page_id=22","og_locale":"de_DE","og_type":"article","og_title":"%Kontakt mit BiggiFarbenreich - %BiggiFarbenReich","og_description":"\u00dcber diese Seite kannst du Kontakt mit mir aufnehmen, deine Fragen und W\u00fcnsche \u00e4u\u00dfern. Du kannst auch Kurse bei mir buchen.","og_url":"https:\/\/biggifarbenreich.brigitte-reich.de\/?page_id=22","og_site_name":"biggifarbenreich.brigitte-reich.de","article_modified_time":"2024-03-15T12:09:06+00:00","twitter_card":"summary_large_image","twitter_misc":{"Gesch\u00e4tzte Lesezeit":"2\u00a0Minuten"},"schema":{"@context":"https:\/\/schema.org","@graph":[{"@type":"WebPage","@id":"https:\/\/biggifarbenreich.brigitte-reich.de\/?page_id=22","url":"https:\/\/biggifarbenreich.brigitte-reich.de\/?page_id=22","name":"%Kontakt mit BiggiFarbenreich - %BiggiFarbenReich","isPartOf":{"@id":"https:\/\/biggifarbenreich.brigitte-reich.de\/#website"},"datePublished":"2019-11-29T16:10:10+00:00","dateModified":"2024-03-15T12:09:06+00:00","description":"\u00dcber diese Seite kannst du Kontakt mit mir aufnehmen, deine Fragen und W\u00fcnsche \u00e4u\u00dfern. Du kannst auch Kurse bei mir buchen.","breadcrumb":{"@id":"https:\/\/biggifarbenreich.brigitte-reich.de\/?page_id=22#breadcrumb"},"inLanguage":"de","potentialAction":[{"@type":"ReadAction","target":["https:\/\/biggifarbenreich.brigitte-reich.de\/?page_id=22"]}]},{"@type":"BreadcrumbList","@id":"https:\/\/biggifarbenreich.brigitte-reich.de\/?page_id=22#breadcrumb","itemListElement":[{"@type":"ListItem","position":1,"name":"Startseite","item":"https:\/\/biggifarbenreich.brigitte-reich.de\/"},{"@type":"ListItem","position":2,"name":"Kontakt"}]},{"@type":"WebSite","@id":"https:\/\/biggifarbenreich.brigitte-reich.de\/#website","url":"https:\/\/biggifarbenreich.brigitte-reich.de\/","name":"biggifarbenreich.brigitte-reich.de","description":"Kunstausstellung und Verkauf","potentialAction":[{"@type":"SearchAction","target":{"@type":"EntryPoint","urlTemplate":"https:\/\/biggifarbenreich.brigitte-reich.de\/?s={search_term_string}"},"query-input":{"@type":"PropertyValueSpecification","valueRequired":true,"valueName":"search_term_string"}}],"inLanguage":"de"}]}},"jetpack_sharing_enabled":true,"_links":{"self":[{"href":"https:\/\/biggifarbenreich.brigitte-reich.de\/index.php?rest_route=\/wp\/v2\/pages\/22","targetHints":{"allow":["GET"]}}],"collection":[{"href":"https:\/\/biggifarbenreich.brigitte-reich.de\/index.php?rest_route=\/wp\/v2\/pages"}],"about":[{"href":"https:\/\/biggifarbenreich.brigitte-reich.de\/index.php?rest_route=\/wp\/v2\/types\/page"}],"author":[{"embeddable":true,"href":"https:\/\/biggifarbenreich.brigitte-reich.de\/index.php?rest_route=\/wp\/v2\/users\/1"}],"replies":[{"embeddable":true,"href":"https:\/\/biggifarbenreich.brigitte-reich.de\/index.php?rest_route=%2Fwp%2Fv2%2Fcomments&post=22"}],"version-history":[{"count":21,"href":"https:\/\/biggifarbenreich.brigitte-reich.de\/index.php?rest_route=\/wp\/v2\/pages\/22\/revisions"}],"predecessor-version":[{"id":3457,"href":"https:\/\/biggifarbenreich.brigitte-reich.de\/index.php?rest_route=\/wp\/v2\/pages\/22\/revisions\/3457"}],"wp:attachment":[{"href":"https:\/\/biggifarbenreich.brigitte-reich.de\/index.php?rest_route=%2Fwp%2Fv2%2Fmedia&parent=22"}],"curies":[{"name":"wp","href":"https:\/\/api.w.org\/{rel}","templated":true}]}}